{"id":9,"date":"2020-04-22T15:44:16","date_gmt":"2020-04-22T13:44:16","guid":{"rendered":"http:\/\/www.chesnaie.eu\/membership-login\/password-reset\/"},"modified":"2020-05-10T19:10:52","modified_gmt":"2020-05-10T17:10:52","slug":"reinitialisation-du-mot-de-passe","status":"publish","type":"page","link":"http:\/\/www.chesnaie.eu\/en\/acces-client\/vous-identifier\/reinitialisation-du-mot-de-passe\/","title":{"rendered":"Reset password"},"content":{"rendered":"<div class=\"swpm-pw-reset-widget-form\">\n    <form id=\"swpm-pw-reset-form\" name=\"swpm-reset-form\" method=\"post\" action=\"\" data-trp-original-action=\"\">\n        <div class=\"swpm-pw-reset-widget-inside\">\n            <div class=\"swpm-pw-reset-email swpm-margin-top-10\">\n                <label for=\"swpm_reset_email\" class=\"swpm_label swpm-pw-reset-email-label\">Email Address<\/label>\n            <\/div>\n            <div class=\"swpm-pw-reset-email-input swpm-margin-top-10\">\n                <input type=\"text\" name=\"swpm_reset_email\" class=\"swpm-text-field swpm-pw-reset-text\" id=\"swpm_reset_email\"  value=\"\" size=\"30\" \/>\n            <\/div>\n            <div class=\"swpm-before-login-submit-section\"><\/div>\n            <div class=\"swpm-pw-reset-submit-button\">\n                <input type=\"submit\" name=\"swpm-reset\" class=\"swpm-pw-reset-submit\" value=\"Reset Password\" \/>\n            <\/div>\n        <\/div>\n    <input type=\"hidden\" name=\"trp-form-language\" value=\"en\"\/><\/form>\n<\/div>\n<div class=\"swpm_pass_reset_processing_msg_section\">\n    <p id=\"swpm_pass_reset_processing_msg\" hidden=\"hidden\">\n        Processing password reset request...    <\/p>\n<\/div>\n<script>\n  document.getElementById(\"swpm-pw-reset-form\").addEventListener(\"submit\", function() {\n  let p = document.getElementById('swpm_pass_reset_processing_msg');\n    p.removeAttribute(\"hidden\");\n  });\n<\/script>","protected":false},"excerpt":{"rendered":"","protected":false},"author":1,"featured_media":0,"parent":7,"menu_order":0,"comment_status":"closed","ping_status":"closed","template":"","meta":{"inline_featured_image":false,"footnotes":""},"class_list":["post-9","page","type-page","status-publish","hentry"],"yoast_head":"<!-- This site is optimized with the Yoast SEO plugin v26.9 - https:\/\/yoast.com\/product\/yoast-seo-wordpress\/ -->\n<title>R\u00e9initialisation du mot de passe - Parc de la Chesnaie<\/title>\n<meta name=\"description\" content=\"Le parc r\u00e9sidentiel de loisirs 4 \u00e9toiles de la Chesnaie offre un concept permettant de conjuguer R\u00e9sidence secondaire et Loisirs pour toute la famille.\" \/>\n<meta name=\"robots\" content=\"index, follow, max-snippet:-1, max-image-preview:large, max-video-preview:-1\" \/>\n<link rel=\"canonical\" href=\"http:\/\/www.chesnaie.eu\/en\/acces-client\/vous-identifier\/reinitialisation-du-mot-de-passe\/\" \/>\n<meta property=\"og:locale\" content=\"en_GB\" \/>\n<meta property=\"og:type\" content=\"article\" \/>\n<meta property=\"og:title\" content=\"R\u00e9initialisation du mot de passe - Parc de la Chesnaie\" \/>\n<meta property=\"og:description\" content=\"Le parc r\u00e9sidentiel de loisirs 4 \u00e9toiles de la Chesnaie offre un concept permettant de conjuguer R\u00e9sidence secondaire et Loisirs pour toute la famille.\" \/>\n<meta property=\"og:url\" content=\"http:\/\/www.chesnaie.eu\/en\/acces-client\/vous-identifier\/reinitialisation-du-mot-de-passe\/\" \/>\n<meta property=\"og:site_name\" content=\"Parc de la Chesnaie\" \/>\n<meta property=\"article:modified_time\" content=\"2020-05-10T17:10:52+00:00\" \/>\n<meta name=\"twitter:card\" content=\"summary_large_image\" \/>\n<script type=\"application\/ld+json\" class=\"yoast-schema-graph\">{\"@context\":\"https:\/\/schema.org\",\"@graph\":[{\"@type\":\"WebPage\",\"@id\":\"http:\/\/www.chesnaie.eu\/acces-client\/vous-identifier\/reinitialisation-du-mot-de-passe\/\",\"url\":\"http:\/\/www.chesnaie.eu\/acces-client\/vous-identifier\/reinitialisation-du-mot-de-passe\/\",\"name\":\"R\u00e9initialisation du mot de passe - Parc de la Chesnaie\",\"isPartOf\":{\"@id\":\"https:\/\/www.chesnaie.eu\/#website\"},\"datePublished\":\"2020-04-22T13:44:16+00:00\",\"dateModified\":\"2020-05-10T17:10:52+00:00\",\"description\":\"Le parc r\u00e9sidentiel de loisirs 4 \u00e9toiles de la Chesnaie offre un concept permettant de conjuguer R\u00e9sidence secondaire et Loisirs pour toute la famille.\",\"breadcrumb\":{\"@id\":\"http:\/\/www.chesnaie.eu\/acces-client\/vous-identifier\/reinitialisation-du-mot-de-passe\/#breadcrumb\"},\"inLanguage\":\"en-GB\",\"potentialAction\":[{\"@type\":\"ReadAction\",\"target\":[\"http:\/\/www.chesnaie.eu\/acces-client\/vous-identifier\/reinitialisation-du-mot-de-passe\/\"]}]},{\"@type\":\"BreadcrumbList\",\"@id\":\"http:\/\/www.chesnaie.eu\/acces-client\/vous-identifier\/reinitialisation-du-mot-de-passe\/#breadcrumb\",\"itemListElement\":[{\"@type\":\"ListItem\",\"position\":1,\"name\":\"Accueil\",\"item\":\"https:\/\/www.chesnaie.eu\/\"},{\"@type\":\"ListItem\",\"position\":2,\"name\":\"Acc\u00e8s client\",\"item\":\"http:\/\/www.chesnaie.eu\/en\/acces-client\/\"},{\"@type\":\"ListItem\",\"position\":3,\"name\":\"Vous identifier\",\"item\":\"http:\/\/www.chesnaie.eu\/de\/acces-client\/vous-identifier\/\"},{\"@type\":\"ListItem\",\"position\":4,\"name\":\"R\u00e9initialisation du mot de passe\"}]},{\"@type\":\"WebSite\",\"@id\":\"https:\/\/www.chesnaie.eu\/#website\",\"url\":\"https:\/\/www.chesnaie.eu\/\",\"name\":\"Parc de la Chesnaie\",\"description\":\"Parc r\u00e9sidentiel de loisirs\",\"publisher\":{\"@id\":\"https:\/\/www.chesnaie.eu\/#organization\"},\"potentialAction\":[{\"@type\":\"SearchAction\",\"target\":{\"@type\":\"EntryPoint\",\"urlTemplate\":\"https:\/\/www.chesnaie.eu\/?s={search_term_string}\"},\"query-input\":{\"@type\":\"PropertyValueSpecification\",\"valueRequired\":true,\"valueName\":\"search_term_string\"}}],\"inLanguage\":\"en-GB\"},{\"@type\":\"Organization\",\"@id\":\"https:\/\/www.chesnaie.eu\/#organization\",\"name\":\"Parc de la Chesnaie\",\"url\":\"https:\/\/www.chesnaie.eu\/\",\"logo\":{\"@type\":\"ImageObject\",\"inLanguage\":\"en-GB\",\"@id\":\"https:\/\/www.chesnaie.eu\/#\/schema\/logo\/image\/\",\"url\":\"https:\/\/www.chesnaie.eu\/wp-content\/uploads\/2020\/04\/logo-s.png\",\"contentUrl\":\"https:\/\/www.chesnaie.eu\/wp-content\/uploads\/2020\/04\/logo-s.png\",\"width\":100,\"height\":100,\"caption\":\"Parc de la Chesnaie\"},\"image\":{\"@id\":\"https:\/\/www.chesnaie.eu\/#\/schema\/logo\/image\/\"}}]}<\/script>\n<!-- \/ Yoast SEO plugin. -->","yoast_head_json":{"title":"R\u00e9initialisation du mot de passe - Parc de la Chesnaie","description":"Le parc r\u00e9sidentiel de loisirs 4 \u00e9toiles de la Chesnaie offre un concept permettant de conjuguer R\u00e9sidence secondaire et Loisirs pour toute la famille.","robots":{"index":"index","follow":"follow","max-snippet":"max-snippet:-1","max-image-preview":"max-image-preview:large","max-video-preview":"max-video-preview:-1"},"canonical":"http:\/\/www.chesnaie.eu\/en\/acces-client\/vous-identifier\/reinitialisation-du-mot-de-passe\/","og_locale":"en_GB","og_type":"article","og_title":"R\u00e9initialisation du mot de passe - Parc de la Chesnaie","og_description":"Le parc r\u00e9sidentiel de loisirs 4 \u00e9toiles de la Chesnaie offre un concept permettant de conjuguer R\u00e9sidence secondaire et Loisirs pour toute la famille.","og_url":"http:\/\/www.chesnaie.eu\/en\/acces-client\/vous-identifier\/reinitialisation-du-mot-de-passe\/","og_site_name":"Parc de la Chesnaie","article_modified_time":"2020-05-10T17:10:52+00:00","twitter_card":"summary_large_image","schema":{"@context":"https:\/\/schema.org","@graph":[{"@type":"WebPage","@id":"http:\/\/www.chesnaie.eu\/acces-client\/vous-identifier\/reinitialisation-du-mot-de-passe\/","url":"http:\/\/www.chesnaie.eu\/acces-client\/vous-identifier\/reinitialisation-du-mot-de-passe\/","name":"R\u00e9initialisation du mot de passe - Parc de la Chesnaie","isPartOf":{"@id":"https:\/\/www.chesnaie.eu\/#website"},"datePublished":"2020-04-22T13:44:16+00:00","dateModified":"2020-05-10T17:10:52+00:00","description":"Le parc r\u00e9sidentiel de loisirs 4 \u00e9toiles de la Chesnaie offre un concept permettant de conjuguer R\u00e9sidence secondaire et Loisirs pour toute la famille.","breadcrumb":{"@id":"http:\/\/www.chesnaie.eu\/acces-client\/vous-identifier\/reinitialisation-du-mot-de-passe\/#breadcrumb"},"inLanguage":"en-GB","potentialAction":[{"@type":"ReadAction","target":["http:\/\/www.chesnaie.eu\/acces-client\/vous-identifier\/reinitialisation-du-mot-de-passe\/"]}]},{"@type":"BreadcrumbList","@id":"http:\/\/www.chesnaie.eu\/acces-client\/vous-identifier\/reinitialisation-du-mot-de-passe\/#breadcrumb","itemListElement":[{"@type":"ListItem","position":1,"name":"Accueil","item":"https:\/\/www.chesnaie.eu\/"},{"@type":"ListItem","position":2,"name":"Acc\u00e8s client","item":"http:\/\/www.chesnaie.eu\/en\/acces-client\/"},{"@type":"ListItem","position":3,"name":"Vous identifier","item":"http:\/\/www.chesnaie.eu\/de\/acces-client\/vous-identifier\/"},{"@type":"ListItem","position":4,"name":"R\u00e9initialisation du mot de passe"}]},{"@type":"WebSite","@id":"https:\/\/www.chesnaie.eu\/#website","url":"https:\/\/www.chesnaie.eu\/","name":"Parc de la Chesnaie","description":"Parc r\u00e9sidentiel de loisirs","publisher":{"@id":"https:\/\/www.chesnaie.eu\/#organization"},"potentialAction":[{"@type":"SearchAction","target":{"@type":"EntryPoint","urlTemplate":"https:\/\/www.chesnaie.eu\/?s={search_term_string}"},"query-input":{"@type":"PropertyValueSpecification","valueRequired":true,"valueName":"search_term_string"}}],"inLanguage":"en-GB"},{"@type":"Organization","@id":"https:\/\/www.chesnaie.eu\/#organization","name":"Parc de la Chesnaie","url":"https:\/\/www.chesnaie.eu\/","logo":{"@type":"ImageObject","inLanguage":"en-GB","@id":"https:\/\/www.chesnaie.eu\/#\/schema\/logo\/image\/","url":"https:\/\/www.chesnaie.eu\/wp-content\/uploads\/2020\/04\/logo-s.png","contentUrl":"https:\/\/www.chesnaie.eu\/wp-content\/uploads\/2020\/04\/logo-s.png","width":100,"height":100,"caption":"Parc de la Chesnaie"},"image":{"@id":"https:\/\/www.chesnaie.eu\/#\/schema\/logo\/image\/"}}]}},"_links":{"self":[{"href":"http:\/\/www.chesnaie.eu\/en\/wp-json\/wp\/v2\/pages\/9","targetHints":{"allow":["GET"]}}],"collection":[{"href":"http:\/\/www.chesnaie.eu\/en\/wp-json\/wp\/v2\/pages"}],"about":[{"href":"http:\/\/www.chesnaie.eu\/en\/wp-json\/wp\/v2\/types\/page"}],"author":[{"embeddable":true,"href":"http:\/\/www.chesnaie.eu\/en\/wp-json\/wp\/v2\/users\/1"}],"replies":[{"embeddable":true,"href":"http:\/\/www.chesnaie.eu\/en\/wp-json\/wp\/v2\/comments?post=9"}],"version-history":[{"count":1,"href":"http:\/\/www.chesnaie.eu\/en\/wp-json\/wp\/v2\/pages\/9\/revisions"}],"predecessor-version":[{"id":2127,"href":"http:\/\/www.chesnaie.eu\/en\/wp-json\/wp\/v2\/pages\/9\/revisions\/2127"}],"up":[{"embeddable":true,"href":"http:\/\/www.chesnaie.eu\/en\/wp-json\/wp\/v2\/pages\/7"}],"wp:attachment":[{"href":"http:\/\/www.chesnaie.eu\/en\/wp-json\/wp\/v2\/media?parent=9"}],"curies":[{"name":"wp","href":"https:\/\/api.w.org\/{rel}","templated":true}]}}